{"id":437,"date":"2026-01-18T12:24:31","date_gmt":"2026-01-18T12:24:31","guid":{"rendered":"https:\/\/start.siteup.dev\/?page_id=437"},"modified":"2026-02-26T20:32:53","modified_gmt":"2026-02-26T20:32:53","slug":"servicos","status":"publish","type":"page","link":"https:\/\/start.siteup.dev\/en\/servicos\/","title":{"rendered":"Servi\u00e7os"},"content":{"rendered":"","protected":false},"excerpt":{"rendered":"","protected":false},"author":1,"featured_media":0,"parent":0,"menu_order":0,"comment_status":"closed","ping_status":"closed","template":"template-pages\/service.php","meta":{"footnotes":""},"class_list":["post-437","page","type-page","status-publish","hentry"],"yoast_head":"<!-- This site is optimized with the Yoast SEO Premium plugin v27.1 (Yoast SEO v27.1.1) - https:\/\/yoast.com\/product\/yoast-seo-premium-wordpress\/ -->\n<title>Nossos Servi\u00e7os | Cidadania Europeia, Vistos, Internacionaliza\u00e7\u00e3o de Empresas, Golden Visa e Im\u00f3veis | Start! Be Global<\/title>\n<meta name=\"description\" content=\"Explore nossas solu\u00e7\u00f5es completas em mobilidade internacional para Portugal, Espanha e It\u00e1lia. Oferecemos assessoria especializada em Cidadania, Vistos para morar e trabalhar, Internacionaliza\u00e7\u00e3o de neg\u00f3cios e Im\u00f3veis para alugar ou comprar.\" \/>\n<meta name=\"robots\" content=\"noindex, follow, max-snippet:-1, max-image-preview:large, max-video-preview:-1\" \/>\n<meta property=\"og:locale\" content=\"en_US\" \/>\n<meta property=\"og:type\" content=\"article\" \/>\n<meta property=\"og:title\" content=\"Servi\u00e7os\" \/>\n<meta property=\"og:description\" content=\"Explore nossas solu\u00e7\u00f5es completas em mobilidade internacional para Portugal, Espanha e It\u00e1lia. Oferecemos assessoria especializada em Cidadania, Vistos para morar e trabalhar, Internacionaliza\u00e7\u00e3o de neg\u00f3cios e Im\u00f3veis para alugar ou comprar.\" \/>\n<meta property=\"og:url\" content=\"https:\/\/start.siteup.dev\/en\/servicos\/\" \/>\n<meta property=\"og:site_name\" content=\"Start be global\" \/>\n<meta property=\"article:modified_time\" content=\"2026-02-26T20:32:53+00:00\" \/>\n<meta property=\"og:image\" content=\"https:\/\/start.siteup.dev\/wp-content\/uploads\/2026\/02\/seo-1024x576.png\" \/>\n\t<meta property=\"og:image:width\" content=\"1024\" \/>\n\t<meta property=\"og:image:height\" content=\"576\" \/>\n\t<meta property=\"og:image:type\" content=\"image\/png\" \/>\n<meta name=\"twitter:card\" content=\"summary_large_image\" \/>\n<script type=\"application\/ld+json\" class=\"yoast-schema-graph\">{\"@context\":\"https:\/\/schema.org\",\"@graph\":[{\"@type\":\"WebPage\",\"@id\":\"https:\/\/start.siteup.dev\/servicos\/\",\"url\":\"https:\/\/start.siteup.dev\/servicos\/\",\"name\":\"Nossos Servi\u00e7os | Cidadania Europeia, Vistos, Internacionaliza\u00e7\u00e3o de Empresas, Golden Visa e Im\u00f3veis | Start! Be Global\",\"isPartOf\":{\"@id\":\"https:\/\/start.siteup.dev\/#website\"},\"datePublished\":\"2026-01-18T12:24:31+00:00\",\"dateModified\":\"2026-02-26T20:32:53+00:00\",\"description\":\"Explore nossas solu\u00e7\u00f5es completas em mobilidade internacional para Portugal, Espanha e It\u00e1lia. Oferecemos assessoria especializada em Cidadania, Vistos para morar e trabalhar, Internacionaliza\u00e7\u00e3o de neg\u00f3cios e Im\u00f3veis para alugar ou comprar.\",\"breadcrumb\":{\"@id\":\"https:\/\/start.siteup.dev\/servicos\/#breadcrumb\"},\"inLanguage\":\"en-US\",\"potentialAction\":[{\"@type\":\"ReadAction\",\"target\":[\"https:\/\/start.siteup.dev\/servicos\/\"]}]},{\"@type\":\"BreadcrumbList\",\"@id\":\"https:\/\/start.siteup.dev\/servicos\/#breadcrumb\",\"itemListElement\":[{\"@type\":\"ListItem\",\"position\":1,\"name\":\"In\u00edcio\",\"item\":\"https:\/\/start.siteup.dev\/\"},{\"@type\":\"ListItem\",\"position\":2,\"name\":\"Servi\u00e7os\"}]},{\"@type\":\"WebSite\",\"@id\":\"https:\/\/start.siteup.dev\/#website\",\"url\":\"https:\/\/start.siteup.dev\/\",\"name\":\"Start be global\",\"description\":\"Assessoria de Cidadania Europeia e Vistos para Portugal\",\"publisher\":{\"@id\":\"https:\/\/start.siteup.dev\/#organization\"},\"potentialAction\":[{\"@type\":\"SearchAction\",\"target\":{\"@type\":\"EntryPoint\",\"urlTemplate\":\"https:\/\/start.siteup.dev\/?s={search_term_string}\"},\"query-input\":{\"@type\":\"PropertyValueSpecification\",\"valueRequired\":true,\"valueName\":\"search_term_string\"}}],\"inLanguage\":\"en-US\"},{\"@type\":\"Organization\",\"@id\":\"https:\/\/start.siteup.dev\/#organization\",\"name\":\"Start be global\",\"url\":\"https:\/\/start.siteup.dev\/\",\"logo\":{\"@type\":\"ImageObject\",\"inLanguage\":\"en-US\",\"@id\":\"https:\/\/start.siteup.dev\/#\/schema\/logo\/image\/\",\"url\":\"https:\/\/start.siteup.dev\/wp-content\/uploads\/2026\/01\/logo.png\",\"contentUrl\":\"https:\/\/start.siteup.dev\/wp-content\/uploads\/2026\/01\/logo.png\",\"width\":118,\"height\":37,\"caption\":\"Start be global\"},\"image\":{\"@id\":\"https:\/\/start.siteup.dev\/#\/schema\/logo\/image\/\"}}]}<\/script>\n<!-- \/ Yoast SEO Premium plugin. -->","yoast_head_json":{"title":"Nossos Servi\u00e7os | Cidadania Europeia, Vistos, Internacionaliza\u00e7\u00e3o de Empresas, Golden Visa e Im\u00f3veis | Start! Be Global","description":"Explore nossas solu\u00e7\u00f5es completas em mobilidade internacional para Portugal, Espanha e It\u00e1lia. Oferecemos assessoria especializada em Cidadania, Vistos para morar e trabalhar, Internacionaliza\u00e7\u00e3o de neg\u00f3cios e Im\u00f3veis para alugar ou comprar.","robots":{"index":"noindex","follow":"follow","max-snippet":"max-snippet:-1","max-image-preview":"max-image-preview:large","max-video-preview":"max-video-preview:-1"},"og_locale":"en_US","og_type":"article","og_title":"Servi\u00e7os","og_description":"Explore nossas solu\u00e7\u00f5es completas em mobilidade internacional para Portugal, Espanha e It\u00e1lia. Oferecemos assessoria especializada em Cidadania, Vistos para morar e trabalhar, Internacionaliza\u00e7\u00e3o de neg\u00f3cios e Im\u00f3veis para alugar ou comprar.","og_url":"https:\/\/start.siteup.dev\/en\/servicos\/","og_site_name":"Start be global","article_modified_time":"2026-02-26T20:32:53+00:00","og_image":[{"width":1024,"height":576,"url":"https:\/\/start.siteup.dev\/wp-content\/uploads\/2026\/02\/seo-1024x576.png","type":"image\/png"}],"twitter_card":"summary_large_image","schema":{"@context":"https:\/\/schema.org","@graph":[{"@type":"WebPage","@id":"https:\/\/start.siteup.dev\/servicos\/","url":"https:\/\/start.siteup.dev\/servicos\/","name":"Nossos Servi\u00e7os | Cidadania Europeia, Vistos, Internacionaliza\u00e7\u00e3o de Empresas, Golden Visa e Im\u00f3veis | Start! Be Global","isPartOf":{"@id":"https:\/\/start.siteup.dev\/#website"},"datePublished":"2026-01-18T12:24:31+00:00","dateModified":"2026-02-26T20:32:53+00:00","description":"Explore nossas solu\u00e7\u00f5es completas em mobilidade internacional para Portugal, Espanha e It\u00e1lia. Oferecemos assessoria especializada em Cidadania, Vistos para morar e trabalhar, Internacionaliza\u00e7\u00e3o de neg\u00f3cios e Im\u00f3veis para alugar ou comprar.","breadcrumb":{"@id":"https:\/\/start.siteup.dev\/servicos\/#breadcrumb"},"inLanguage":"en-US","potentialAction":[{"@type":"ReadAction","target":["https:\/\/start.siteup.dev\/servicos\/"]}]},{"@type":"BreadcrumbList","@id":"https:\/\/start.siteup.dev\/servicos\/#breadcrumb","itemListElement":[{"@type":"ListItem","position":1,"name":"In\u00edcio","item":"https:\/\/start.siteup.dev\/"},{"@type":"ListItem","position":2,"name":"Servi\u00e7os"}]},{"@type":"WebSite","@id":"https:\/\/start.siteup.dev\/#website","url":"https:\/\/start.siteup.dev\/","name":"Start be global","description":"Assessoria de Cidadania Europeia e Vistos para Portugal","publisher":{"@id":"https:\/\/start.siteup.dev\/#organization"},"potentialAction":[{"@type":"SearchAction","target":{"@type":"EntryPoint","urlTemplate":"https:\/\/start.siteup.dev\/?s={search_term_string}"},"query-input":{"@type":"PropertyValueSpecification","valueRequired":true,"valueName":"search_term_string"}}],"inLanguage":"en-US"},{"@type":"Organization","@id":"https:\/\/start.siteup.dev\/#organization","name":"Start be global","url":"https:\/\/start.siteup.dev\/","logo":{"@type":"ImageObject","inLanguage":"en-US","@id":"https:\/\/start.siteup.dev\/#\/schema\/logo\/image\/","url":"https:\/\/start.siteup.dev\/wp-content\/uploads\/2026\/01\/logo.png","contentUrl":"https:\/\/start.siteup.dev\/wp-content\/uploads\/2026\/01\/logo.png","width":118,"height":37,"caption":"Start be global"},"image":{"@id":"https:\/\/start.siteup.dev\/#\/schema\/logo\/image\/"}}]}},"acf":[],"_links":{"self":[{"href":"https:\/\/start.siteup.dev\/en\/wp-json\/wp\/v2\/pages\/437","targetHints":{"allow":["GET"]}}],"collection":[{"href":"https:\/\/start.siteup.dev\/en\/wp-json\/wp\/v2\/pages"}],"about":[{"href":"https:\/\/start.siteup.dev\/en\/wp-json\/wp\/v2\/types\/page"}],"author":[{"embeddable":true,"href":"https:\/\/start.siteup.dev\/en\/wp-json\/wp\/v2\/users\/1"}],"replies":[{"embeddable":true,"href":"https:\/\/start.siteup.dev\/en\/wp-json\/wp\/v2\/comments?post=437"}],"version-history":[{"count":24,"href":"https:\/\/start.siteup.dev\/en\/wp-json\/wp\/v2\/pages\/437\/revisions"}],"predecessor-version":[{"id":4571,"href":"https:\/\/start.siteup.dev\/en\/wp-json\/wp\/v2\/pages\/437\/revisions\/4571"}],"wp:attachment":[{"href":"https:\/\/start.siteup.dev\/en\/wp-json\/wp\/v2\/media?parent=437"}],"curies":[{"name":"wp","href":"https:\/\/api.w.org\/{rel}","templated":true}]}}