{"id":7,"date":"2026-01-14T16:08:47","date_gmt":"2026-01-14T16:08:47","guid":{"rendered":"https:\/\/start.siteup.dev\/?page_id=7"},"modified":"2026-02-26T20:34:56","modified_gmt":"2026-02-26T20:34:56","slug":"home","status":"publish","type":"page","link":"https:\/\/start.siteup.dev\/en\/","title":{"rendered":"Home"},"content":{"rendered":"","protected":false},"excerpt":{"rendered":"","protected":false},"author":1,"featured_media":0,"parent":0,"menu_order":0,"comment_status":"closed","ping_status":"closed","template":"template-pages\/home.php","meta":{"footnotes":""},"class_list":["post-7","page","type-page","status-publish","hentry"],"yoast_head":"<!-- This site is optimized with the Yoast SEO Premium plugin v27.1 (Yoast SEO v27.1.1) - https:\/\/yoast.com\/product\/yoast-seo-premium-wordpress\/ -->\n<title>Start! Be Global | Assessoria de Cidadania Europeia e Vistos para Portugal<\/title>\n<meta name=\"description\" content=\"Conquiste sua cidadania ou visto para Portugal, It\u00e1lia e Espanha com seguran\u00e7a jur\u00eddica e atendimento personalizado. Transformamos sua jornada internacional em um projeto de vida. Fale com um especialista.\" \/>\n<meta name=\"robots\" content=\"noindex, follow, max-snippet:-1, max-image-preview:large, max-video-preview:-1\" \/>\n<meta property=\"og:locale\" content=\"en_US\" \/>\n<meta property=\"og:type\" content=\"article\" \/>\n<meta property=\"og:title\" content=\"Home\" \/>\n<meta property=\"og:description\" content=\"Conquiste sua cidadania ou visto para Portugal, It\u00e1lia e Espanha com seguran\u00e7a jur\u00eddica e atendimento personalizado. Transformamos sua jornada internacional em um projeto de vida. Fale com um especialista.\" \/>\n<meta property=\"og:url\" content=\"https:\/\/start.siteup.dev\/en\/\" \/>\n<meta property=\"og:site_name\" content=\"Start be global\" \/>\n<meta property=\"article:modified_time\" content=\"2026-02-26T20:34:56+00:00\" \/>\n<meta property=\"og:image\" content=\"https:\/\/start.siteup.dev\/wp-content\/uploads\/2026\/02\/seo-1024x576.png\" \/>\n\t<meta property=\"og:image:width\" content=\"1024\" \/>\n\t<meta property=\"og:image:height\" content=\"576\" \/>\n\t<meta property=\"og:image:type\" content=\"image\/png\" \/>\n<meta name=\"twitter:card\" content=\"summary_large_image\" \/>\n<script type=\"application\/ld+json\" class=\"yoast-schema-graph\">{\"@context\":\"https:\/\/schema.org\",\"@graph\":[{\"@type\":\"WebPage\",\"@id\":\"https:\/\/start.siteup.dev\/\",\"url\":\"https:\/\/start.siteup.dev\/\",\"name\":\"Start! Be Global | Assessoria de Cidadania Europeia e Vistos para Portugal\",\"isPartOf\":{\"@id\":\"https:\/\/start.siteup.dev\/#website\"},\"datePublished\":\"2026-01-14T16:08:47+00:00\",\"dateModified\":\"2026-02-26T20:34:56+00:00\",\"description\":\"Conquiste sua cidadania ou visto para Portugal, It\u00e1lia e Espanha com seguran\u00e7a jur\u00eddica e atendimento personalizado. Transformamos sua jornada internacional em um projeto de vida. Fale com um especialista.\",\"breadcrumb\":{\"@id\":\"https:\/\/start.siteup.dev\/#breadcrumb\"},\"inLanguage\":\"en-US\",\"potentialAction\":[{\"@type\":\"ReadAction\",\"target\":[\"https:\/\/start.siteup.dev\/\"]}]},{\"@type\":\"BreadcrumbList\",\"@id\":\"https:\/\/start.siteup.dev\/#breadcrumb\",\"itemListElement\":[{\"@type\":\"ListItem\",\"position\":1,\"name\":\"In\u00edcio\",\"item\":\"https:\/\/start.siteup.dev\/\"},{\"@type\":\"ListItem\",\"position\":2,\"name\":\"Home\"}]},{\"@type\":\"WebSite\",\"@id\":\"https:\/\/start.siteup.dev\/#website\",\"url\":\"https:\/\/start.siteup.dev\/\",\"name\":\"Start be global\",\"description\":\"Assessoria de Cidadania Europeia e Vistos para Portugal\",\"publisher\":{\"@id\":\"https:\/\/start.siteup.dev\/#organization\"},\"potentialAction\":[{\"@type\":\"SearchAction\",\"target\":{\"@type\":\"EntryPoint\",\"urlTemplate\":\"https:\/\/start.siteup.dev\/?s={search_term_string}\"},\"query-input\":{\"@type\":\"PropertyValueSpecification\",\"valueRequired\":true,\"valueName\":\"search_term_string\"}}],\"inLanguage\":\"en-US\"},{\"@type\":\"Organization\",\"@id\":\"https:\/\/start.siteup.dev\/#organization\",\"name\":\"Start be global\",\"url\":\"https:\/\/start.siteup.dev\/\",\"logo\":{\"@type\":\"ImageObject\",\"inLanguage\":\"en-US\",\"@id\":\"https:\/\/start.siteup.dev\/#\/schema\/logo\/image\/\",\"url\":\"https:\/\/start.siteup.dev\/wp-content\/uploads\/2026\/01\/logo.png\",\"contentUrl\":\"https:\/\/start.siteup.dev\/wp-content\/uploads\/2026\/01\/logo.png\",\"width\":118,\"height\":37,\"caption\":\"Start be global\"},\"image\":{\"@id\":\"https:\/\/start.siteup.dev\/#\/schema\/logo\/image\/\"}}]}<\/script>\n<!-- \/ Yoast SEO Premium plugin. -->","yoast_head_json":{"title":"Start! Be Global | Assessoria de Cidadania Europeia e Vistos para Portugal","description":"Conquiste sua cidadania ou visto para Portugal, It\u00e1lia e Espanha com seguran\u00e7a jur\u00eddica e atendimento personalizado. Transformamos sua jornada internacional em um projeto de vida. Fale com um especialista.","robots":{"index":"noindex","follow":"follow","max-snippet":"max-snippet:-1","max-image-preview":"max-image-preview:large","max-video-preview":"max-video-preview:-1"},"og_locale":"en_US","og_type":"article","og_title":"Home","og_description":"Conquiste sua cidadania ou visto para Portugal, It\u00e1lia e Espanha com seguran\u00e7a jur\u00eddica e atendimento personalizado. Transformamos sua jornada internacional em um projeto de vida. Fale com um especialista.","og_url":"https:\/\/start.siteup.dev\/en\/","og_site_name":"Start be global","article_modified_time":"2026-02-26T20:34:56+00:00","og_image":[{"width":1024,"height":576,"url":"https:\/\/start.siteup.dev\/wp-content\/uploads\/2026\/02\/seo-1024x576.png","type":"image\/png"}],"twitter_card":"summary_large_image","schema":{"@context":"https:\/\/schema.org","@graph":[{"@type":"WebPage","@id":"https:\/\/start.siteup.dev\/","url":"https:\/\/start.siteup.dev\/","name":"Start! Be Global | Assessoria de Cidadania Europeia e Vistos para Portugal","isPartOf":{"@id":"https:\/\/start.siteup.dev\/#website"},"datePublished":"2026-01-14T16:08:47+00:00","dateModified":"2026-02-26T20:34:56+00:00","description":"Conquiste sua cidadania ou visto para Portugal, It\u00e1lia e Espanha com seguran\u00e7a jur\u00eddica e atendimento personalizado. Transformamos sua jornada internacional em um projeto de vida. Fale com um especialista.","breadcrumb":{"@id":"https:\/\/start.siteup.dev\/#breadcrumb"},"inLanguage":"en-US","potentialAction":[{"@type":"ReadAction","target":["https:\/\/start.siteup.dev\/"]}]},{"@type":"BreadcrumbList","@id":"https:\/\/start.siteup.dev\/#breadcrumb","itemListElement":[{"@type":"ListItem","position":1,"name":"In\u00edcio","item":"https:\/\/start.siteup.dev\/"},{"@type":"ListItem","position":2,"name":"Home"}]},{"@type":"WebSite","@id":"https:\/\/start.siteup.dev\/#website","url":"https:\/\/start.siteup.dev\/","name":"Start be global","description":"Assessoria de Cidadania Europeia e Vistos para Portugal","publisher":{"@id":"https:\/\/start.siteup.dev\/#organization"},"potentialAction":[{"@type":"SearchAction","target":{"@type":"EntryPoint","urlTemplate":"https:\/\/start.siteup.dev\/?s={search_term_string}"},"query-input":{"@type":"PropertyValueSpecification","valueRequired":true,"valueName":"search_term_string"}}],"inLanguage":"en-US"},{"@type":"Organization","@id":"https:\/\/start.siteup.dev\/#organization","name":"Start be global","url":"https:\/\/start.siteup.dev\/","logo":{"@type":"ImageObject","inLanguage":"en-US","@id":"https:\/\/start.siteup.dev\/#\/schema\/logo\/image\/","url":"https:\/\/start.siteup.dev\/wp-content\/uploads\/2026\/01\/logo.png","contentUrl":"https:\/\/start.siteup.dev\/wp-content\/uploads\/2026\/01\/logo.png","width":118,"height":37,"caption":"Start be global"},"image":{"@id":"https:\/\/start.siteup.dev\/#\/schema\/logo\/image\/"}}]}},"acf":[],"_links":{"self":[{"href":"https:\/\/start.siteup.dev\/en\/wp-json\/wp\/v2\/pages\/7","targetHints":{"allow":["GET"]}}],"collection":[{"href":"https:\/\/start.siteup.dev\/en\/wp-json\/wp\/v2\/pages"}],"about":[{"href":"https:\/\/start.siteup.dev\/en\/wp-json\/wp\/v2\/types\/page"}],"author":[{"embeddable":true,"href":"https:\/\/start.siteup.dev\/en\/wp-json\/wp\/v2\/users\/1"}],"replies":[{"embeddable":true,"href":"https:\/\/start.siteup.dev\/en\/wp-json\/wp\/v2\/comments?post=7"}],"version-history":[{"count":65,"href":"https:\/\/start.siteup.dev\/en\/wp-json\/wp\/v2\/pages\/7\/revisions"}],"predecessor-version":[{"id":4572,"href":"https:\/\/start.siteup.dev\/en\/wp-json\/wp\/v2\/pages\/7\/revisions\/4572"}],"wp:attachment":[{"href":"https:\/\/start.siteup.dev\/en\/wp-json\/wp\/v2\/media?parent=7"}],"curies":[{"name":"wp","href":"https:\/\/api.w.org\/{rel}","templated":true}]}}