{"id":1080,"date":"2026-02-05T19:52:06","date_gmt":"2026-02-05T19:52:06","guid":{"rendered":"https:\/\/start.siteup.dev\/?page_id=1080"},"modified":"2026-02-26T20:39:06","modified_gmt":"2026-02-26T20:39:06","slug":"historias-de-sucesso","status":"publish","type":"page","link":"https:\/\/start.siteup.dev\/es\/historias-de-sucesso\/","title":{"rendered":"Historias de \u00e9xito"},"content":{"rendered":"","protected":false},"excerpt":{"rendered":"","protected":false},"author":1,"featured_media":0,"parent":0,"menu_order":0,"comment_status":"closed","ping_status":"closed","template":"template-pages\/testimonials.php","meta":{"footnotes":""},"class_list":["post-1080","page","type-page","status-publish","hentry"],"yoast_head":"<!-- This site is optimized with the Yoast SEO Premium plugin v27.1 (Yoast SEO v27.1.1) - https:\/\/yoast.com\/product\/yoast-seo-premium-wordpress\/ -->\n<title>Hist\u00f3rias de Sucesso: Vidas Transformadas | Start! Be Global<\/title>\n<meta name=\"description\" content=\"Conhe\u00e7a as hist\u00f3rias reais de quem j\u00e1 conquistou a cidadania europeia ou o visto de resid\u00eancia com a Start! Be Global. Inspire-se e comece a sua jornada.\" \/>\n<meta name=\"robots\" content=\"noindex, follow, max-snippet:-1, max-image-preview:large, max-video-preview:-1\" \/>\n<meta property=\"og:locale\" content=\"es_ES\" \/>\n<meta property=\"og:type\" content=\"article\" \/>\n<meta property=\"og:title\" content=\"Hist\u00f3rias de Sucesso\" \/>\n<meta property=\"og:description\" content=\"Conhe\u00e7a as hist\u00f3rias reais de quem j\u00e1 conquistou a cidadania europeia ou o visto de resid\u00eancia com a Start! Be Global. Inspire-se e comece a sua jornada.\" \/>\n<meta property=\"og:url\" content=\"https:\/\/start.siteup.dev\/es\/historias-de-sucesso\/\" \/>\n<meta property=\"og:site_name\" content=\"Start be global\" \/>\n<meta property=\"article:modified_time\" content=\"2026-02-26T20:39:06+00:00\" \/>\n<meta property=\"og:image\" content=\"https:\/\/start.siteup.dev\/wp-content\/uploads\/2026\/02\/seo-1024x576.png\" \/>\n\t<meta property=\"og:image:width\" content=\"1024\" \/>\n\t<meta property=\"og:image:height\" content=\"576\" \/>\n\t<meta property=\"og:image:type\" content=\"image\/png\" \/>\n<meta name=\"twitter:card\" content=\"summary_large_image\" \/>\n<script type=\"application\/ld+json\" class=\"yoast-schema-graph\">{\"@context\":\"https:\/\/schema.org\",\"@graph\":[{\"@type\":\"WebPage\",\"@id\":\"https:\/\/start.siteup.dev\/historias-de-sucesso\/\",\"url\":\"https:\/\/start.siteup.dev\/historias-de-sucesso\/\",\"name\":\"Hist\u00f3rias de Sucesso: Vidas Transformadas | Start! Be Global\",\"isPartOf\":{\"@id\":\"https:\/\/start.siteup.dev\/#website\"},\"datePublished\":\"2026-02-05T19:52:06+00:00\",\"dateModified\":\"2026-02-26T20:39:06+00:00\",\"description\":\"Conhe\u00e7a as hist\u00f3rias reais de quem j\u00e1 conquistou a cidadania europeia ou o visto de resid\u00eancia com a Start! Be Global. Inspire-se e comece a sua jornada.\",\"breadcrumb\":{\"@id\":\"https:\/\/start.siteup.dev\/historias-de-sucesso\/#breadcrumb\"},\"inLanguage\":\"es\",\"potentialAction\":[{\"@type\":\"ReadAction\",\"target\":[\"https:\/\/start.siteup.dev\/historias-de-sucesso\/\"]}]},{\"@type\":\"BreadcrumbList\",\"@id\":\"https:\/\/start.siteup.dev\/historias-de-sucesso\/#breadcrumb\",\"itemListElement\":[{\"@type\":\"ListItem\",\"position\":1,\"name\":\"In\u00edcio\",\"item\":\"https:\/\/start.siteup.dev\/\"},{\"@type\":\"ListItem\",\"position\":2,\"name\":\"Hist\u00f3rias de Sucesso\"}]},{\"@type\":\"WebSite\",\"@id\":\"https:\/\/start.siteup.dev\/#website\",\"url\":\"https:\/\/start.siteup.dev\/\",\"name\":\"Start be global\",\"description\":\"Assessoria de Cidadania Europeia e Vistos para Portugal\",\"publisher\":{\"@id\":\"https:\/\/start.siteup.dev\/#organization\"},\"potentialAction\":[{\"@type\":\"SearchAction\",\"target\":{\"@type\":\"EntryPoint\",\"urlTemplate\":\"https:\/\/start.siteup.dev\/?s={search_term_string}\"},\"query-input\":{\"@type\":\"PropertyValueSpecification\",\"valueRequired\":true,\"valueName\":\"search_term_string\"}}],\"inLanguage\":\"es\"},{\"@type\":\"Organization\",\"@id\":\"https:\/\/start.siteup.dev\/#organization\",\"name\":\"Start be global\",\"url\":\"https:\/\/start.siteup.dev\/\",\"logo\":{\"@type\":\"ImageObject\",\"inLanguage\":\"es\",\"@id\":\"https:\/\/start.siteup.dev\/#\/schema\/logo\/image\/\",\"url\":\"https:\/\/start.siteup.dev\/wp-content\/uploads\/2026\/01\/logo.png\",\"contentUrl\":\"https:\/\/start.siteup.dev\/wp-content\/uploads\/2026\/01\/logo.png\",\"width\":118,\"height\":37,\"caption\":\"Start be global\"},\"image\":{\"@id\":\"https:\/\/start.siteup.dev\/#\/schema\/logo\/image\/\"}}]}<\/script>\n<!-- \/ Yoast SEO Premium plugin. -->","yoast_head_json":{"title":"Hist\u00f3rias de Sucesso: Vidas Transformadas | Start! Be Global","description":"Conhe\u00e7a as hist\u00f3rias reais de quem j\u00e1 conquistou a cidadania europeia ou o visto de resid\u00eancia com a Start! Be Global. Inspire-se e comece a sua jornada.","robots":{"index":"noindex","follow":"follow","max-snippet":"max-snippet:-1","max-image-preview":"max-image-preview:large","max-video-preview":"max-video-preview:-1"},"og_locale":"es_ES","og_type":"article","og_title":"Hist\u00f3rias de Sucesso","og_description":"Conhe\u00e7a as hist\u00f3rias reais de quem j\u00e1 conquistou a cidadania europeia ou o visto de resid\u00eancia com a Start! Be Global. Inspire-se e comece a sua jornada.","og_url":"https:\/\/start.siteup.dev\/es\/historias-de-sucesso\/","og_site_name":"Start be global","article_modified_time":"2026-02-26T20:39:06+00:00","og_image":[{"width":1024,"height":576,"url":"https:\/\/start.siteup.dev\/wp-content\/uploads\/2026\/02\/seo-1024x576.png","type":"image\/png"}],"twitter_card":"summary_large_image","schema":{"@context":"https:\/\/schema.org","@graph":[{"@type":"WebPage","@id":"https:\/\/start.siteup.dev\/historias-de-sucesso\/","url":"https:\/\/start.siteup.dev\/historias-de-sucesso\/","name":"Hist\u00f3rias de Sucesso: Vidas Transformadas | Start! Be Global","isPartOf":{"@id":"https:\/\/start.siteup.dev\/#website"},"datePublished":"2026-02-05T19:52:06+00:00","dateModified":"2026-02-26T20:39:06+00:00","description":"Conhe\u00e7a as hist\u00f3rias reais de quem j\u00e1 conquistou a cidadania europeia ou o visto de resid\u00eancia com a Start! Be Global. Inspire-se e comece a sua jornada.","breadcrumb":{"@id":"https:\/\/start.siteup.dev\/historias-de-sucesso\/#breadcrumb"},"inLanguage":"es","potentialAction":[{"@type":"ReadAction","target":["https:\/\/start.siteup.dev\/historias-de-sucesso\/"]}]},{"@type":"BreadcrumbList","@id":"https:\/\/start.siteup.dev\/historias-de-sucesso\/#breadcrumb","itemListElement":[{"@type":"ListItem","position":1,"name":"In\u00edcio","item":"https:\/\/start.siteup.dev\/"},{"@type":"ListItem","position":2,"name":"Hist\u00f3rias de Sucesso"}]},{"@type":"WebSite","@id":"https:\/\/start.siteup.dev\/#website","url":"https:\/\/start.siteup.dev\/","name":"Start be global","description":"Assessoria de Cidadania Europeia e Vistos para Portugal","publisher":{"@id":"https:\/\/start.siteup.dev\/#organization"},"potentialAction":[{"@type":"SearchAction","target":{"@type":"EntryPoint","urlTemplate":"https:\/\/start.siteup.dev\/?s={search_term_string}"},"query-input":{"@type":"PropertyValueSpecification","valueRequired":true,"valueName":"search_term_string"}}],"inLanguage":"es"},{"@type":"Organization","@id":"https:\/\/start.siteup.dev\/#organization","name":"Start be global","url":"https:\/\/start.siteup.dev\/","logo":{"@type":"ImageObject","inLanguage":"es","@id":"https:\/\/start.siteup.dev\/#\/schema\/logo\/image\/","url":"https:\/\/start.siteup.dev\/wp-content\/uploads\/2026\/01\/logo.png","contentUrl":"https:\/\/start.siteup.dev\/wp-content\/uploads\/2026\/01\/logo.png","width":118,"height":37,"caption":"Start be global"},"image":{"@id":"https:\/\/start.siteup.dev\/#\/schema\/logo\/image\/"}}]}},"acf":[],"_links":{"self":[{"href":"https:\/\/start.siteup.dev\/es\/wp-json\/wp\/v2\/pages\/1080","targetHints":{"allow":["GET"]}}],"collection":[{"href":"https:\/\/start.siteup.dev\/es\/wp-json\/wp\/v2\/pages"}],"about":[{"href":"https:\/\/start.siteup.dev\/es\/wp-json\/wp\/v2\/types\/page"}],"author":[{"embeddable":true,"href":"https:\/\/start.siteup.dev\/es\/wp-json\/wp\/v2\/users\/1"}],"replies":[{"embeddable":true,"href":"https:\/\/start.siteup.dev\/es\/wp-json\/wp\/v2\/comments?post=1080"}],"version-history":[{"count":7,"href":"https:\/\/start.siteup.dev\/es\/wp-json\/wp\/v2\/pages\/1080\/revisions"}],"predecessor-version":[{"id":4573,"href":"https:\/\/start.siteup.dev\/es\/wp-json\/wp\/v2\/pages\/1080\/revisions\/4573"}],"wp:attachment":[{"href":"https:\/\/start.siteup.dev\/es\/wp-json\/wp\/v2\/media?parent=1080"}],"curies":[{"name":"wp","href":"https:\/\/api.w.org\/{rel}","templated":true}]}}